{"id":230,"date":"2023-11-30T13:30:19","date_gmt":"2023-11-30T12:30:19","guid":{"rendered":"https:\/\/dadharmony.com\/?page_id=230"},"modified":"2026-03-27T11:53:18","modified_gmt":"2026-03-27T10:53:18","slug":"dad-harmony","status":"publish","type":"page","link":"https:\/\/dadharmony.com\/se\/","title":{"rendered":"Dad Harmony"},"content":{"rendered":"<p>Dad Harmony fick sin start p\u00e5 en ovanlig plats. Det hela b\u00f6rjade p\u00e5 en svensexa, d\u00e4r medlemmarna filmade sig sj\u00e4lva n\u00e4r de satt och sj\u00f6ng acapella i en bubbelpool. Klippet lades sedan upp p\u00e5 TikTok, d\u00e4r det spreds som en l\u00f6peld och snabbt blev viralt. Papporna fr\u00e5n Skellefte\u00e5 blev k\u00e4nda \u00f6ver en natt, och deras f\u00f6rsta klipp har nu visats \u00f6ver 20 miljoner g\u00e5nger.<\/p>\n<p>Sedan dess har Dad Harmony fortsatt att g\u00f6ra succ\u00e9 p\u00e5 TikTok, d\u00e4r de l\u00e4gger ut klipp d\u00e4r de sjunger acappella, och lockar hundratusentals tittare. Deras f\u00f6ljarskara \u00e4r l\u00e5ngt \u00f6ver miljonen p\u00e5 b\u00e5de TikTok och Instagram.<\/p>\n<p>Deras popularitet har \u00e4ven n\u00e5tt utanf\u00f6r Sveriges gr\u00e4nser och det \u00e4r i USA, Tyskland, Japan och Frankrike som gruppen har flest f\u00f6ljare. Dad Harmony \u00e4r en nyskapande musikgrupp som best\u00e5r av de fem musikerna: Peter Vidmark, Tomas Vidmark, Sebastian \u00c5kesson, Adam Stenlund och Michael \u00c5berg.<\/p>\n<p>De tolkar k\u00e4nda l\u00e5tar p\u00e5 ett unikt s\u00e4tt i en familj\u00e4r milj\u00f6, ibland med n\u00e5gon yngre familjemedlem n\u00e4rvarande som njuter av sk\u00f6ns\u00e5ngen. Med sin unika och talangfulla sammans\u00e4ttning av medlemmar och deras passion f\u00f6r musik, \u00e4r Dad Harmony en grupp som kommer att forts\u00e4tta imponera och inspirera lyssnare runt om i v\u00e4rlden.<\/p>","protected":false},"excerpt":{"rendered":"<p>Dad Harmony got its start in an unusual place. It all started at a stag party, where the members filmed themselves singing acapella in a hot tub. The clip was then posted on TikTok, where it spread like wildfire and quickly went viral. The dads from Skellefte\u00e5 became famous overnight, and their first clip has [&hellip;]<\/p>\n","protected":false},"author":2,"featured_media":1141,"parent":0,"menu_order":1,"comment_status":"closed","ping_status":"closed","template":"","meta":{"_acf_changed":false,"_seopress_robots_primary_cat":"","_seopress_titles_title":"%%sitetitle%% %%sep%% %%tagline%%","_seopress_titles_desc":"Dad Harmony from Skellefte\u00e5 became famous overnight, and their first clip has now been viewed over 20 million times.","_seopress_robots_index":"","footnotes":""},"class_list":["post-230","page","type-page","status-publish","has-post-thumbnail","hentry"],"acf":[],"_links":{"self":[{"href":"https:\/\/dadharmony.com\/se\/wp-json\/wp\/v2\/pages\/230","targetHints":{"allow":["GET"]}}],"collection":[{"href":"https:\/\/dadharmony.com\/se\/wp-json\/wp\/v2\/pages"}],"about":[{"href":"https:\/\/dadharmony.com\/se\/wp-json\/wp\/v2\/types\/page"}],"author":[{"embeddable":true,"href":"https:\/\/dadharmony.com\/se\/wp-json\/wp\/v2\/users\/2"}],"replies":[{"embeddable":true,"href":"https:\/\/dadharmony.com\/se\/wp-json\/wp\/v2\/comments?post=230"}],"version-history":[{"count":2,"href":"https:\/\/dadharmony.com\/se\/wp-json\/wp\/v2\/pages\/230\/revisions"}],"predecessor-version":[{"id":7681,"href":"https:\/\/dadharmony.com\/se\/wp-json\/wp\/v2\/pages\/230\/revisions\/7681"}],"wp:featuredmedia":[{"embeddable":true,"href":"https:\/\/dadharmony.com\/se\/wp-json\/wp\/v2\/media\/1141"}],"wp:attachment":[{"href":"https:\/\/dadharmony.com\/se\/wp-json\/wp\/v2\/media?parent=230"}],"curies":[{"name":"wp","href":"https:\/\/api.w.org\/{rel}","templated":true}]}}